{"id":412,"date":"2019-04-19T06:56:49","date_gmt":"2019-04-19T06:56:49","guid":{"rendered":"http:\/\/demo.sparklewpthemes.com\/constructionlight\/?page_id=412"},"modified":"2025-08-28T09:56:46","modified_gmt":"2025-08-28T09:56:46","slug":"house-construction","status":"publish","type":"page","link":"https:\/\/www.karmazyapitasarim.com\/index.php\/house-construction\/","title":{"rendered":"AVM D\u00fczenlemeleri"},"content":{"rendered":"\n<p>Al\u0131\u015fveri\u015f Deneyimini Ba\u015ftan Yarat\u0131yoruz<\/p>\n\n\n\n<p>Al\u0131\u015fveri\u015f merkezleri sadece ma\u011faza topluluklar\u0131 de\u011fil; ziyaret\u00e7ilerin zaman ge\u00e7irdi\u011fi, dinlendi\u011fi ve deneyim ya\u015fad\u0131\u011f\u0131 sosyal alanlard\u0131r. Bu nedenle AVM d\u00fczenlemeleri, fonksiyonel oldu\u011fu kadar estetik ve kullan\u0131c\u0131 dostu olmal\u0131d\u0131r.<\/p>\n\n\n\n<p>Biz, AVM i\u00e7 mek\u00e2nlar\u0131n\u0131 modern ya\u015fam al\u0131\u015fkanl\u0131klar\u0131na uygun \u015fekilde yeniden tasarl\u0131yoruz. Sirk\u00fclasyonu art\u0131ran planlamalar, do\u011fal \u0131\u015f\u0131kla desteklenen ayd\u0131nlatmalar, estetik oturma alanlar\u0131 ve marka uyumlu konsept \u00e7\u00f6z\u00fcmleriyle her alan\u0131 yeniden \u015fekillendiriyoruz.<\/p>\n\n\n\n<p>Uzman i\u00e7 mimarlar\u0131m\u0131z ve uygulama ekibimizle, AVM\u2019lere de\u011fer katan, kullan\u0131c\u0131y\u0131 i\u00e7ine \u00e7eken alanlar olu\u015fturuyoruz. Kaliteli malzeme kullan\u0131m\u0131 ve h\u0131zl\u0131 uygulama s\u00fcre\u00e7leriyle ziyaret\u00e7ilerin konforunu ve markalar\u0131n g\u00f6r\u00fcn\u00fcrl\u00fc\u011f\u00fcn\u00fc en \u00fcst seviyeye ta\u015f\u0131yoruz.<\/p>\n\n\n\n<p>Yeni bir bak\u0131\u015f, taze bir deneyim.<br>AVM\u2019nizi gelece\u011fe haz\u0131rlamak i\u00e7in buraday\u0131z.<\/p>\n\n\n\n<p><\/p>\n","protected":false},"excerpt":{"rendered":"<p>Al\u0131\u015fveri\u015f Deneyimini Ba\u015ftan Yarat\u0131yoruz Al\u0131\u015fveri\u015f merkezleri sadece ma\u011faza topluluklar\u0131 de\u011fil; ziyaret\u00e7ilerin zaman ge\u00e7irdi\u011fi, dinlendi\u011fi ve deneyim ya\u015fad\u0131\u011f\u0131 sosyal alanlard\u0131r. Bu nedenle AVM d\u00fczenlemeleri, fonksiyonel oldu\u011fu&hellip;<\/p>\n","protected":false},"author":1,"featured_media":880,"parent":0,"menu_order":0,"comment_status":"closed","ping_status":"closed","template":"","meta":{"footnotes":""},"class_list":["post-412","page","type-page","status-publish","has-post-thumbnail","hentry"],"_links":{"self":[{"href":"https:\/\/www.karmazyapitasarim.com\/index.php\/wp-json\/wp\/v2\/pages\/412","targetHints":{"allow":["GET"]}}],"collection":[{"href":"https:\/\/www.karmazyapitasarim.com\/index.php\/wp-json\/wp\/v2\/pages"}],"about":[{"href":"https:\/\/www.karmazyapitasarim.com\/index.php\/wp-json\/wp\/v2\/types\/page"}],"author":[{"embeddable":true,"href":"https:\/\/www.karmazyapitasarim.com\/index.php\/wp-json\/wp\/v2\/users\/1"}],"replies":[{"embeddable":true,"href":"https:\/\/www.karmazyapitasarim.com\/index.php\/wp-json\/wp\/v2\/comments?post=412"}],"version-history":[{"count":1,"href":"https:\/\/www.karmazyapitasarim.com\/index.php\/wp-json\/wp\/v2\/pages\/412\/revisions"}],"predecessor-version":[{"id":767,"href":"https:\/\/www.karmazyapitasarim.com\/index.php\/wp-json\/wp\/v2\/pages\/412\/revisions\/767"}],"wp:featuredmedia":[{"embeddable":true,"href":"https:\/\/www.karmazyapitasarim.com\/index.php\/wp-json\/wp\/v2\/media\/880"}],"wp:attachment":[{"href":"https:\/\/www.karmazyapitasarim.com\/index.php\/wp-json\/wp\/v2\/media?parent=412"}],"curies":[{"name":"wp","href":"https:\/\/api.w.org\/{rel}","templated":true}]}}