{"id":185,"date":"2018-02-28T03:53:09","date_gmt":"2018-02-28T03:53:09","guid":{"rendered":"http:\/\/offshorethemes.com\/demo\/sparkconstruction\/?page_id=185"},"modified":"2025-08-28T14:09:41","modified_gmt":"2025-08-28T14:09:41","slug":"contact","status":"publish","type":"page","link":"https:\/\/www.karmazyapitasarim.com\/index.php\/contact\/","title":{"rendered":"\u0130leti\u015fim"},"content":{"rendered":"\n<figure><\/figure>\n\n\n\n<h2 class=\"wp-block-heading has-text-align-center\"><strong>KARMAZ YAPI TASARIM<\/strong><\/h2>\n\n\n\n<p class=\"has-text-align-center\">\u0130lgilendi\u011finiz t\u00fcm hizmetlerle ilgili detayl\u0131 bilgi almak i\u00e7in bize yaz\u0131n veya hemen aray\u0131n.<\/p>\n\n\n\n<div style=\"max-width: 1000px; margin: 40px auto; padding: 30px; background: #fff; box-shadow: 0 0 15px rgba(0,0,0,0.1); font-family: Arial, sans-serif;\">\n  \n  <div style=\"display: flex; flex-wrap: wrap; gap: 30px;\">\n\n    <!-- \u0130leti\u015fim Bilgileri -->\n    <div style=\"flex: 1; min-width: 300px;\">\n      <h2>\u0130leti\u015fim Bilgileri<\/h2>\n      <p><strong>Adres:<\/strong><br>Esen\u015fehir Mahallesi Barajyolu Caddesi A\u011fao\u011flu Eltesg\u00fcne\u015fi Sitesi C4 Blok Daire 119 \u00dcmraniye \/ \u0130STANBUl<br><\/p>\n      <p><strong>Telefon:<\/strong><br><a href=\"tel:+905339234392\" style=\"color:#000;\">+90 533 923 43 92<\/a><\/p>\n      <p><strong>WhatsApp:<\/strong><br><a href=\"https:\/\/wa.me\/905075598975\" target=\"_blank\" style=\"color:green;\">+90 507 559 89 75<\/a><\/p>\n\n<p><strong>Web Sitesi:<\/strong><br><a href=\"https:\/\/www.karmazyapitasarim.com\" target=\"_blank\" style=\"color:#000;\">www.karmazyapitasarim.com<\/a><\/p>\n\n      <p><strong>E-Posta:<\/strong><br><a href=\"mailto:info@omxstore.com\" style=\"color:#000;\">info@karmazyapitasarim.com<\/a><\/p>\n    <\/div>\n\n    <!-- Form -->\n    <div style=\"flex: 1; min-width: 300px;\">\n      <h2>Bize Ula\u015f\u0131n<\/h2>\n      <form action=\"#\" method=\"post\">\n        <label>Ad\u0131n\u0131z:<\/label><br>\n<input type=\"text\" name=\"name\" required style=\"width:100%; padding:10px; margin-bottom:10px;\"><br>\n        <label>E-posta:<\/label><br>\n        <input type=\"email\" name=\"email\" required style=\"width:100%; padding:10px; margin-bottom:10px;\"><br>\n        <label>Mesaj\u0131n\u0131z:<\/label><br>\n        <textarea name=\"message\" rows=\"5\" required style=\"width:100%; padding:10px;\"><\/textarea><br><br>\n        <input type=\"submit\" value=\"G\u00f6nder\" style=\"padding:10px 20px; background-color:#333; color:#fff; border:none; cursor:pointer;\">\n      <\/form>\n    <\/div>\n  <\/div>\n\n  <!-- Harita -->\n  <div style=\"margin-top: 40px;\">\n    <iframe src=\"https:\/\/www.google.com\/maps\/embed?pb=!1m14!1m8!1m3!1d6021.5100329021525!2d29.178289!3d41.008735!3m2!1i1024!2i768!4f13.1!3m3!1m2!1s0x14cac8ac67295e47%3A0x72b41b7f4f13b19b!2zQcSfYW_En2x1IEVsdGVzIEfDvG5lxZ9pIFNvc3lhbCBUZXNpc2xlcg!5e0!3m2!1str!2sus!4v1756388943664!5m2!1str!2sus\"\n      width=\"100%\"\n      height=\"400\"\n      style=\"border:0;\"\n      allowfullscreen=\"\"\n      loading=\"lazy\"\n      referrerpolicy=\"no-referrer-when-downgrade\">\n    <\/iframe>\n  <\/div>\n<\/div>\n\n\n\n<p><\/p>\n","protected":false},"excerpt":{"rendered":"<p>KARMAZ YAPI TASARIM \u0130lgilendi\u011finiz t\u00fcm hizmetlerle ilgili detayl\u0131 bilgi almak i\u00e7in bize yaz\u0131n veya hemen aray\u0131n. \u0130leti\u015fim Bilgileri Adres:Esen\u015fehir Mahallesi Barajyolu Caddesi A\u011fao\u011flu Eltesg\u00fcne\u015fi Sitesi&hellip;<\/p>\n","protected":false},"author":1,"featured_media":969,"parent":0,"menu_order":0,"comment_status":"closed","ping_status":"closed","template":"","meta":{"footnotes":""},"class_list":["post-185","page","type-page","status-publish","has-post-thumbnail","hentry"],"_links":{"self":[{"href":"https:\/\/www.karmazyapitasarim.com\/index.php\/wp-json\/wp\/v2\/pages\/185","targetHints":{"allow":["GET"]}}],"collection":[{"href":"https:\/\/www.karmazyapitasarim.com\/index.php\/wp-json\/wp\/v2\/pages"}],"about":[{"href":"https:\/\/www.karmazyapitasarim.com\/index.php\/wp-json\/wp\/v2\/types\/page"}],"author":[{"embeddable":true,"href":"https:\/\/www.karmazyapitasarim.com\/index.php\/wp-json\/wp\/v2\/users\/1"}],"replies":[{"embeddable":true,"href":"https:\/\/www.karmazyapitasarim.com\/index.php\/wp-json\/wp\/v2\/comments?post=185"}],"version-history":[{"count":24,"href":"https:\/\/www.karmazyapitasarim.com\/index.php\/wp-json\/wp\/v2\/pages\/185\/revisions"}],"predecessor-version":[{"id":972,"href":"https:\/\/www.karmazyapitasarim.com\/index.php\/wp-json\/wp\/v2\/pages\/185\/revisions\/972"}],"wp:featuredmedia":[{"embeddable":true,"href":"https:\/\/www.karmazyapitasarim.com\/index.php\/wp-json\/wp\/v2\/media\/969"}],"wp:attachment":[{"href":"https:\/\/www.karmazyapitasarim.com\/index.php\/wp-json\/wp\/v2\/media?parent=185"}],"curies":[{"name":"wp","href":"https:\/\/api.w.org\/{rel}","templated":true}]}}